{"id":203,"date":"2018-02-22T03:43:03","date_gmt":"2018-02-22T03:43:03","guid":{"rendered":"https:\/\/ic-esimeculhuacan.net\/metodologia\/?page_id=203"},"modified":"2022-08-10T19:57:53","modified_gmt":"2022-08-10T19:57:53","slug":"lineas-de-investigacion-en-ic","status":"publish","type":"page","link":"https:\/\/esime.mmendiola.org\/metodologia\/temas-interesantes\/lineas-de-investigacion-en-ic\/","title":{"rendered":"Lineas de concentraci\u00f3n en IC"},"content":{"rendered":"<p>En IC contamos con las siguientes l\u00edneas de concentraci\u00f3n, a trav\u00e9s de las cuales se va desarrollando su protocolo de investigaci\u00f3n<\/p>\n<p>puedes descargar un pdf acerca de cada una de ellas \u00a0 desde la siguiente lista.<\/p>\n<ul>\n<li><strong><a href=\"https:\/\/esime.mmendiola.org\/metodologia\/wp-content\/uploads\/2018\/08\/Algoritmos_may2018.pdf\">Algoritmos de C\u00f3mputo<\/a><\/strong><\/li>\n<li><strong>C\u00f3mputo aplicado a sistemas ecol\u00f3gicos <\/strong><em>(no cuenta con pdf)<\/em><strong><br \/>\n<\/strong><\/li>\n<li><strong><a href=\"https:\/\/esime.mmendiola.org\/metodologia\/wp-content\/uploads\/2018\/02\/interfases-inteligentes.pdf\">Interfaces Inteligentes<\/a><\/strong><\/li>\n<li><strong><a href=\"https:\/\/esime.mmendiola.org\/metodologia\/wp-content\/uploads\/2018\/02\/SistInf.pdf\">Sistemas de Informaci\u00f3n<\/a><\/strong><\/li>\n<li><strong><a href=\"https:\/\/esime.mmendiola.org\/metodologia\/wp-content\/uploads\/2018\/02\/transferenciayproc.pdf\">Transferencia y Procesamiento de la Informaci\u00f3n<\/a><\/strong><\/li>\n<\/ul>\n<p style=\"text-align: center;\"><em>(los archivos fueron elaborados en 2011 por cada representante de las l\u00edneas, se actualizar\u00e1 en cuanto se tengan nuevos)<\/em><\/p>\n<p>&nbsp;<\/p>\n","protected":false},"excerpt":{"rendered":"<p>En IC contamos con las siguientes l\u00edneas de concentraci\u00f3n, a trav\u00e9s de las cuales se va desarrollando su protocolo de investigaci\u00f3n puedes descargar un pdf acerca de cada una de&hellip;<\/p>\n","protected":false},"author":1,"featured_media":0,"parent":272,"menu_order":0,"comment_status":"closed","ping_status":"closed","template":"","meta":{"footnotes":""},"class_list":["post-203","page","type-page","status-publish","hentry"],"_links":{"self":[{"href":"https:\/\/esime.mmendiola.org\/metodologia\/wp-json\/wp\/v2\/pages\/203","targetHints":{"allow":["GET"]}}],"collection":[{"href":"https:\/\/esime.mmendiola.org\/metodologia\/wp-json\/wp\/v2\/pages"}],"about":[{"href":"https:\/\/esime.mmendiola.org\/metodologia\/wp-json\/wp\/v2\/types\/page"}],"author":[{"embeddable":true,"href":"https:\/\/esime.mmendiola.org\/metodologia\/wp-json\/wp\/v2\/users\/1"}],"replies":[{"embeddable":true,"href":"https:\/\/esime.mmendiola.org\/metodologia\/wp-json\/wp\/v2\/comments?post=203"}],"version-history":[{"count":2,"href":"https:\/\/esime.mmendiola.org\/metodologia\/wp-json\/wp\/v2\/pages\/203\/revisions"}],"predecessor-version":[{"id":610,"href":"https:\/\/esime.mmendiola.org\/metodologia\/wp-json\/wp\/v2\/pages\/203\/revisions\/610"}],"up":[{"embeddable":true,"href":"https:\/\/esime.mmendiola.org\/metodologia\/wp-json\/wp\/v2\/pages\/272"}],"wp:attachment":[{"href":"https:\/\/esime.mmendiola.org\/metodologia\/wp-json\/wp\/v2\/media?parent=203"}],"curies":[{"name":"wp","href":"https:\/\/api.w.org\/{rel}","templated":true}]}}