{"id":272,"date":"2018-08-01T22:19:59","date_gmt":"2018-08-01T22:19:59","guid":{"rendered":"https:\/\/ic-esimeculhuacan.net\/metodologia\/?page_id=272"},"modified":"2022-08-11T02:42:41","modified_gmt":"2022-08-11T02:42:41","slug":"temas-interesantes","status":"publish","type":"page","link":"https:\/\/esime.mmendiola.org\/metodologia\/temas-interesantes\/","title":{"rendered":"E) Temas interesantes"},"content":{"rendered":"<p>&nbsp;<\/p>\n<ul class=\"sub-menu\">\n<li id=\"menu-item-117\" class=\"menu-item menu-item-type-post_type menu-item-object-page menu-item-117\"><a href=\"https:\/\/ic-esimeculhuacan.net\/metodologia\/temas-interesantes\/eleccion-de-tema\/\">Elecci\u00f3n de Tema<\/a><\/li>\n<li id=\"menu-item-125\" class=\"menu-item menu-item-type-post_type menu-item-object-page menu-item-125\"><a href=\"https:\/\/ic-esimeculhuacan.net\/metodologia\/temas-interesantes\/videos\/\">Videos<\/a><\/li>\n<li id=\"menu-item-213\" class=\"menu-item menu-item-type-post_type menu-item-object-page menu-item-213\"><a href=\"https:\/\/ic-esimeculhuacan.net\/metodologia\/temas-interesantes\/lineas-de-investigacion-en-ic\/\">Lineas de concentraci\u00f3n en IC<\/a><\/li>\n<\/ul>\n<p>&nbsp;<\/p>\n<p>&nbsp;<\/p>\n<p>Perfiles de las escuelas de c\u00f3mputo<\/p>\n<p>del Dr Jos\u00e9 Vel\u00e1zquez<\/p>\n<a href=\"https:\/\/esime.mmendiola.org\/metodologia\/wp-content\/uploads\/2018\/08\/PerfilesdeComputo.pdf\" class=\"pdfemb-viewer\" style=\"\" data-width=\"max\" data-height=\"max\" data-toolbar=\"bottom\" data-toolbar-fixed=\"off\">PerfilesdeComputo<\/a>\n","protected":false},"excerpt":{"rendered":"<p>&nbsp; Elecci\u00f3n de Tema Videos Lineas de concentraci\u00f3n en IC &nbsp; &nbsp; Perfiles de las escuelas de c\u00f3mputo del Dr Jos\u00e9 Vel\u00e1zquez<\/p>\n","protected":false},"author":1,"featured_media":0,"parent":0,"menu_order":0,"comment_status":"closed","ping_status":"closed","template":"","meta":{"footnotes":""},"class_list":["post-272","page","type-page","status-publish","hentry"],"_links":{"self":[{"href":"https:\/\/esime.mmendiola.org\/metodologia\/wp-json\/wp\/v2\/pages\/272","targetHints":{"allow":["GET"]}}],"collection":[{"href":"https:\/\/esime.mmendiola.org\/metodologia\/wp-json\/wp\/v2\/pages"}],"about":[{"href":"https:\/\/esime.mmendiola.org\/metodologia\/wp-json\/wp\/v2\/types\/page"}],"author":[{"embeddable":true,"href":"https:\/\/esime.mmendiola.org\/metodologia\/wp-json\/wp\/v2\/users\/1"}],"replies":[{"embeddable":true,"href":"https:\/\/esime.mmendiola.org\/metodologia\/wp-json\/wp\/v2\/comments?post=272"}],"version-history":[{"count":3,"href":"https:\/\/esime.mmendiola.org\/metodologia\/wp-json\/wp\/v2\/pages\/272\/revisions"}],"predecessor-version":[{"id":647,"href":"https:\/\/esime.mmendiola.org\/metodologia\/wp-json\/wp\/v2\/pages\/272\/revisions\/647"}],"wp:attachment":[{"href":"https:\/\/esime.mmendiola.org\/metodologia\/wp-json\/wp\/v2\/media?parent=272"}],"curies":[{"name":"wp","href":"https:\/\/api.w.org\/{rel}","templated":true}]}}