{"id":323,"date":"2020-08-14T01:51:38","date_gmt":"2020-08-14T06:51:38","guid":{"rendered":"https:\/\/ic-esimeculhuacan.net\/metodologia\/?page_id=323"},"modified":"2024-09-02T19:11:40","modified_gmt":"2024-09-02T19:11:40","slug":"presentacion","status":"publish","type":"page","link":"https:\/\/esime.mmendiola.org\/metodologia\/protocolo-de-investigacion\/presentacion\/","title":{"rendered":"Documento"},"content":{"rendered":"<p>La presentaci\u00f3n del protocolo en un documento es la parte central de tu calificaci\u00f3n<\/p>\n<p>Aqu\u00ed puedes descargar la plantilla para trabajar:\u00a0 <a href=\"https:\/\/esime.mmendiola.org\/metodologia\/wp-content\/uploads\/2022\/08\/Formato-Documento-Metodologi\u0301a-2022.docx\">Formato Documento Metodologi\u0301a <\/a><\/p>\n<p>Y tambi\u00e9n la puedes descargar con explicaci\u00f3n de cada uno de los puntos <a href=\"https:\/\/esime.mmendiola.org\/metodologia\/wp-content\/uploads\/2022\/08\/con-explicaciOn-Protocolo-2022B.docx\">con explicaciOn Protocolo<\/a><\/p>\n<p>Las secciones que debe contener\u00a0 son:<\/p>\n<ul>\n<li><strong><span style=\"color: #508a5c;\">portada<\/span><\/strong><\/li>\n<li><strong><span style=\"color: #508a5c;\">contenido<\/span><\/strong><\/li>\n<li><strong><span style=\"color: #508a5c;\">problem\u00e1tica<\/span><\/strong><\/li>\n<li><strong><span style=\"color: #508a5c;\">objetivos<\/span><\/strong><\/li>\n<li><strong><span style=\"color: #508a5c;\">l\u00edmites y alcances<\/span><\/strong><\/li>\n<li><strong><span style=\"color: #508a5c;\">justificaci\u00f3n<\/span><\/strong><\/li>\n<li><strong><span style=\"color: #ff6600;\">marco te\u00f3rico<\/span><\/strong><\/li>\n<li><strong><span style=\"color: #ff6600;\">estado del arte<\/span><\/strong><\/li>\n<li><strong><span style=\"color: #61163c;\">m\u00e9todo de ingenier\u00eda<br \/>\n<\/span><\/strong><\/li>\n<li><strong><span style=\"color: #61163c;\">referencias<\/span><\/strong><\/li>\n<\/ul>\n<p><strong><span style=\"color: #508a5c;\">Primer departamental\u00a0<\/span><\/strong>\u00a0 <strong><span style=\"color: #ff6600;\">Segundo departamental<\/span> <\/strong>\u00a0\u00a0\u00a0 <strong><span style=\"color: #61163c;\">Tercer departamental<\/span><\/strong><\/p>\n<p><span style=\"color: #000000;\">En un documento de texto (word, writer, pages, latex, etc) pueden ir escribiendo cada secci\u00f3n y a\u00f1adirle im\u00e1genes diminutas. De ese documento extraen lo mas importante para sus diapositivas. El documento se entrega en formato PDF<\/span><\/p>\n<p style=\"text-align: center;\"><span style=\"color: #000000;\">Se entregan ambos para evaluaci\u00f3n<\/span> <img loading=\"lazy\" decoding=\"async\" class=\"wp-image-45 aligncenter\" src=\"https:\/\/esime.mmendiola.org\/metodologia\/wp-content\/uploads\/2017\/08\/logo-1.png\" alt=\"\" width=\"116\" height=\"116\" \/><\/p>\n","protected":false},"excerpt":{"rendered":"<p>La presentaci\u00f3n del protocolo en un documento es la parte central de tu calificaci\u00f3n Aqu\u00ed puedes descargar la plantilla para trabajar:\u00a0 Formato Documento Metodologi\u0301a Y tambi\u00e9n la puedes descargar con&hellip;<\/p>\n","protected":false},"author":1,"featured_media":0,"parent":93,"menu_order":0,"comment_status":"closed","ping_status":"closed","template":"","meta":{"footnotes":""},"class_list":["post-323","page","type-page","status-publish","hentry"],"_links":{"self":[{"href":"https:\/\/esime.mmendiola.org\/metodologia\/wp-json\/wp\/v2\/pages\/323","targetHints":{"allow":["GET"]}}],"collection":[{"href":"https:\/\/esime.mmendiola.org\/metodologia\/wp-json\/wp\/v2\/pages"}],"about":[{"href":"https:\/\/esime.mmendiola.org\/metodologia\/wp-json\/wp\/v2\/types\/page"}],"author":[{"embeddable":true,"href":"https:\/\/esime.mmendiola.org\/metodologia\/wp-json\/wp\/v2\/users\/1"}],"replies":[{"embeddable":true,"href":"https:\/\/esime.mmendiola.org\/metodologia\/wp-json\/wp\/v2\/comments?post=323"}],"version-history":[{"count":12,"href":"https:\/\/esime.mmendiola.org\/metodologia\/wp-json\/wp\/v2\/pages\/323\/revisions"}],"predecessor-version":[{"id":663,"href":"https:\/\/esime.mmendiola.org\/metodologia\/wp-json\/wp\/v2\/pages\/323\/revisions\/663"}],"up":[{"embeddable":true,"href":"https:\/\/esime.mmendiola.org\/metodologia\/wp-json\/wp\/v2\/pages\/93"}],"wp:attachment":[{"href":"https:\/\/esime.mmendiola.org\/metodologia\/wp-json\/wp\/v2\/media?parent=323"}],"curies":[{"name":"wp","href":"https:\/\/api.w.org\/{rel}","templated":true}]}}