{"id":447,"date":"2017-08-04T19:30:49","date_gmt":"2017-08-04T19:30:49","guid":{"rendered":"https:\/\/ic-esimeculhuacan.net\/metodologia\/?page_id=27"},"modified":"2022-08-10T19:54:52","modified_gmt":"2022-08-10T19:54:52","slug":"eleccion-de-tema","status":"publish","type":"page","link":"https:\/\/esime.mmendiola.org\/metodologia\/temas-interesantes\/eleccion-de-tema\/","title":{"rendered":"Elecci\u00f3n de Tema"},"content":{"rendered":"<p><img loading=\"lazy\" decoding=\"async\" class=\" wp-image-29 aligncenter\" src=\"https:\/\/esime.mmendiola.org\/metodologia\/wp-content\/uploads\/2017\/08\/ideaproy-300x225.jpg\" alt=\"\" width=\"137\" height=\"103\" \/><\/p>\n<p>&nbsp;<\/p>\n<h3><span style=\"color: #000000;\">La elecci\u00f3n de tema est\u00e1 vinculada al problema de investigaci\u00f3n, ya que cuando observamos nuestro entorno, siempre habr\u00e1 problemas. Esto quiere decir que siempre hay situaciones que pueden mejorar o resolverse cuando se utilizan las habilidades con que el individuo cuenta.<\/span><\/h3>\n<h3><\/h3>\n<h3><span style=\"color: #000000;\">Un problema es una situaci\u00f3n que no funciona bien o\u00a0 una situaci\u00f3n que podr\u00eda mejorar con la intervenci\u00f3n de un Ingeniero en Computaci\u00f3n.<\/span><\/h3>\n<h3><\/h3>\n<p style=\"text-align: center;\">\n<p>&nbsp;<\/p>\n<h3><span style=\"color: #333333;\">Por otro lado, si analizan bien su \u00e1rea de inter\u00e9s e identifican muy bien las habilidades con que cuentan como Ingenieros en computaci\u00f3n, entonces pueden ubicar perfectamente la existencia de problemas en esa su \u00e1rea de inter\u00e9s.<\/span><\/h3>\n<h3><\/h3>\n<h3><span style=\"color: #333333;\">Una vez detectado el problema (situaci\u00f3n) que quieran resolver\/mejorar, encuentran tambi\u00e9n su tema de tesina.<\/span><\/h3>\n<p>&nbsp;<\/p>\n","protected":false},"excerpt":{"rendered":"<p>&nbsp; La elecci\u00f3n de tema est\u00e1 vinculada al problema de investigaci\u00f3n, ya que cuando observamos nuestro entorno, siempre habr\u00e1 problemas. Esto quiere decir que siempre hay situaciones que pueden mejorar&hellip;<\/p>\n","protected":false},"author":1,"featured_media":0,"parent":272,"menu_order":0,"comment_status":"closed","ping_status":"closed","template":"","meta":{"footnotes":""},"class_list":["post-447","page","type-page","status-publish","hentry"],"_links":{"self":[{"href":"https:\/\/esime.mmendiola.org\/metodologia\/wp-json\/wp\/v2\/pages\/447","targetHints":{"allow":["GET"]}}],"collection":[{"href":"https:\/\/esime.mmendiola.org\/metodologia\/wp-json\/wp\/v2\/pages"}],"about":[{"href":"https:\/\/esime.mmendiola.org\/metodologia\/wp-json\/wp\/v2\/types\/page"}],"author":[{"embeddable":true,"href":"https:\/\/esime.mmendiola.org\/metodologia\/wp-json\/wp\/v2\/users\/1"}],"replies":[{"embeddable":true,"href":"https:\/\/esime.mmendiola.org\/metodologia\/wp-json\/wp\/v2\/comments?post=447"}],"version-history":[{"count":7,"href":"https:\/\/esime.mmendiola.org\/metodologia\/wp-json\/wp\/v2\/pages\/447\/revisions"}],"predecessor-version":[{"id":607,"href":"https:\/\/esime.mmendiola.org\/metodologia\/wp-json\/wp\/v2\/pages\/447\/revisions\/607"}],"up":[{"embeddable":true,"href":"https:\/\/esime.mmendiola.org\/metodologia\/wp-json\/wp\/v2\/pages\/272"}],"wp:attachment":[{"href":"https:\/\/esime.mmendiola.org\/metodologia\/wp-json\/wp\/v2\/media?parent=447"}],"curies":[{"name":"wp","href":"https:\/\/api.w.org\/{rel}","templated":true}]}}