{"id":453,"date":"2017-08-04T19:38:19","date_gmt":"2017-08-04T19:38:19","guid":{"rendered":"https:\/\/ic-esimeculhuacan.net\/metodologia\/?page_id=33"},"modified":"2025-03-02T21:28:24","modified_gmt":"2025-03-02T21:28:24","slug":"objetivos-2","status":"publish","type":"page","link":"https:\/\/esime.mmendiola.org\/metodologia\/contenidos-del-primer-departamental\/objetivos-2\/","title":{"rendered":"02. Objetivos"},"content":{"rendered":"<p style=\"text-align: center;\">Objetivo General y Objetivos Espec\u00edfico<\/p>\n<p>La formulaci\u00f3n de objetivos muestra qu\u00e9 es lo que se desea hacer en t\u00e9rminos de metas. Deben redactarse con verbos en infinitivo.<\/p>\n<p style=\"text-align: center;\"><img loading=\"lazy\" decoding=\"async\" class=\"aligncenter wp-image-615\" src=\"https:\/\/esime.mmendiola.org\/metodologia\/wp-content\/uploads\/2022\/08\/suma-300x290.png\" alt=\"\" width=\"131\" height=\"127\" srcset=\"https:\/\/esime.mmendiola.org\/metodologia\/wp-content\/uploads\/2022\/08\/suma-300x290.png 300w, https:\/\/esime.mmendiola.org\/metodologia\/wp-content\/uploads\/2022\/08\/suma.png 610w\" sizes=\"auto, (max-width: 131px) 100vw, 131px\" \/><\/p>\n<p>&nbsp;<\/p>\n<p><strong>Objetivo General<\/strong><\/p>\n<p style=\"text-align: justify;\">Se formula atendiendo el prop\u00f3sito global del estudio, por lo cual es el objetivo principal de la investigaci\u00f3n. En cuanto a su contenido, el objetivo general no presenta detalles de los componentes del estudio, de all\u00ed que sus fines se orientan hacia la totalidad de la acci\u00f3n planteada.<\/p>\n<p>&nbsp;<\/p>\n<p>El <strong>Objetivo General<\/strong> debe mostrar:<\/p>\n<p><span style=\"color: #800000;\"><strong>QU\u00c9\u00a0 qu\u00e9 es lo que se va a construir<\/strong><\/span><\/p>\n<p><span style=\"color: #ff6600;\"><strong>C\u00d3MO que tecnolog\u00eda se est\u00e1 empleando<\/strong><\/span><\/p>\n<p><span style=\"color: #0000ff;\"><strong>PARA QU\u00c9 d\u00f3nde se va a utilizar<\/strong><\/span><\/p>\n<p style=\"text-align: center;\"><img loading=\"lazy\" decoding=\"async\" class=\"aligncenter size-medium wp-image-616\" src=\"https:\/\/esime.mmendiola.org\/metodologia\/wp-content\/uploads\/2022\/08\/qcpq-300x187.png\" alt=\"\" width=\"300\" height=\"187\" srcset=\"https:\/\/esime.mmendiola.org\/metodologia\/wp-content\/uploads\/2022\/08\/qcpq-300x187.png 300w, https:\/\/esime.mmendiola.org\/metodologia\/wp-content\/uploads\/2022\/08\/qcpq.png 604w\" sizes=\"auto, (max-width: 300px) 100vw, 300px\" \/><\/p>\n<p>&nbsp;<\/p>\n<p><strong>Objetivos Espec\u00edficos<\/strong><\/p>\n<p style=\"text-align: justify;\"><strong>Expresan los pasos que, como ingenieros en computaci\u00f3n deben seguir para alcanzar el objetivo general.<\/strong><\/p>\n<p>&nbsp;<\/p>\n<hr \/>\n<h2 id=\"exenode_4_EjemplodeObjetivosdeunproyecto\" class=\"nodeTitle\" style=\"text-align: center;\"><span style=\"color: #333333;\">Ejemplo de Objetivos de un proyecto<\/span><\/h2>\n<p style=\"text-align: center;\"><img loading=\"lazy\" decoding=\"async\" class=\"aligncenter wp-image-613\" src=\"https:\/\/esime.mmendiola.org\/metodologia\/wp-content\/uploads\/2022\/08\/portada-300x169.png\" alt=\"\" width=\"435\" height=\"245\" srcset=\"https:\/\/esime.mmendiola.org\/metodologia\/wp-content\/uploads\/2022\/08\/portada-300x169.png 300w, https:\/\/esime.mmendiola.org\/metodologia\/wp-content\/uploads\/2022\/08\/portada.png 400w\" sizes=\"auto, (max-width: 435px) 100vw, 435px\" \/><\/p>\n<p>&nbsp;<\/p>\n<h3 style=\"text-align: center;\">Objetivo General<img loading=\"lazy\" decoding=\"async\" class=\"aligncenter wp-image-612\" src=\"https:\/\/esime.mmendiola.org\/metodologia\/wp-content\/uploads\/2022\/08\/img0.1-300x167.png\" alt=\"\" width=\"454\" height=\"253\" srcset=\"https:\/\/esime.mmendiola.org\/metodologia\/wp-content\/uploads\/2022\/08\/img0.1-300x167.png 300w, https:\/\/esime.mmendiola.org\/metodologia\/wp-content\/uploads\/2022\/08\/img0.1-1024x569.png 1024w, https:\/\/esime.mmendiola.org\/metodologia\/wp-content\/uploads\/2022\/08\/img0.1-768x427.png 768w, https:\/\/esime.mmendiola.org\/metodologia\/wp-content\/uploads\/2022\/08\/img0.1-1536x854.png 1536w, https:\/\/esime.mmendiola.org\/metodologia\/wp-content\/uploads\/2022\/08\/img0.1.png 1734w\" sizes=\"auto, (max-width: 454px) 100vw, 454px\" \/><\/h3>\n<p>&nbsp;<\/p>\n<h3 style=\"text-align: center;\">Objetivos Espec\u00edficos<\/h3>\n<p>&nbsp;<\/p>\n<p style=\"text-align: center;\"><img loading=\"lazy\" decoding=\"async\" class=\"aligncenter wp-image-614\" src=\"https:\/\/esime.mmendiola.org\/metodologia\/wp-content\/uploads\/2022\/08\/oespec-300x134.png\" alt=\"\" width=\"485\" height=\"217\" srcset=\"https:\/\/esime.mmendiola.org\/metodologia\/wp-content\/uploads\/2022\/08\/oespec-300x134.png 300w, https:\/\/esime.mmendiola.org\/metodologia\/wp-content\/uploads\/2022\/08\/oespec-768x343.png 768w, https:\/\/esime.mmendiola.org\/metodologia\/wp-content\/uploads\/2022\/08\/oespec.png 882w\" sizes=\"auto, (max-width: 485px) 100vw, 485px\" \/><\/p>\n<h4><\/h4>\n<h3><span style=\"color: #333333;\"><em><img loading=\"lazy\" decoding=\"async\" class=\"size-thumbnail wp-image-150 alignleft\" src=\"https:\/\/esime.mmendiola.org\/metodologia\/wp-content\/uploads\/2017\/08\/ecofoco-150x150.png\" alt=\"\" width=\"150\" height=\"150\" \/><\/em><\/span><\/h3>\n<h3><\/h3>\n<h3><span style=\"color: #333333;\"><em>Recuerda<\/em>: <strong>La redacci\u00f3n de los objetivos debe siempre iniciar con un verbo en infinitivo<\/strong><\/span><\/h3>\n","protected":false},"excerpt":{"rendered":"<p>Objetivo General y Objetivos Espec\u00edfico La formulaci\u00f3n de objetivos muestra qu\u00e9 es lo que se desea hacer en t\u00e9rminos de metas. Deben redactarse con verbos en infinitivo. &nbsp; Objetivo General&hellip;<\/p>\n","protected":false},"author":1,"featured_media":0,"parent":388,"menu_order":0,"comment_status":"closed","ping_status":"closed","template":"","meta":{"footnotes":""},"class_list":["post-453","page","type-page","status-publish","hentry"],"_links":{"self":[{"href":"https:\/\/esime.mmendiola.org\/metodologia\/wp-json\/wp\/v2\/pages\/453","targetHints":{"allow":["GET"]}}],"collection":[{"href":"https:\/\/esime.mmendiola.org\/metodologia\/wp-json\/wp\/v2\/pages"}],"about":[{"href":"https:\/\/esime.mmendiola.org\/metodologia\/wp-json\/wp\/v2\/types\/page"}],"author":[{"embeddable":true,"href":"https:\/\/esime.mmendiola.org\/metodologia\/wp-json\/wp\/v2\/users\/1"}],"replies":[{"embeddable":true,"href":"https:\/\/esime.mmendiola.org\/metodologia\/wp-json\/wp\/v2\/comments?post=453"}],"version-history":[{"count":14,"href":"https:\/\/esime.mmendiola.org\/metodologia\/wp-json\/wp\/v2\/pages\/453\/revisions"}],"predecessor-version":[{"id":670,"href":"https:\/\/esime.mmendiola.org\/metodologia\/wp-json\/wp\/v2\/pages\/453\/revisions\/670"}],"up":[{"embeddable":true,"href":"https:\/\/esime.mmendiola.org\/metodologia\/wp-json\/wp\/v2\/pages\/388"}],"wp:attachment":[{"href":"https:\/\/esime.mmendiola.org\/metodologia\/wp-json\/wp\/v2\/media?parent=453"}],"curies":[{"name":"wp","href":"https:\/\/api.w.org\/{rel}","templated":true}]}}