{"id":454,"date":"2017-08-04T19:54:02","date_gmt":"2017-08-05T00:54:02","guid":{"rendered":"https:\/\/ic-esimeculhuacan.net\/metodologia\/?page_id=36"},"modified":"2025-03-05T08:47:27","modified_gmt":"2025-03-05T08:47:27","slug":"justificacion-y-marco-teorico","status":"publish","type":"page","link":"https:\/\/esime.mmendiola.org\/metodologia\/contenidos-del-primer-departamental\/justificacion-y-marco-teorico\/","title":{"rendered":"04. Justificaci\u00f3n"},"content":{"rendered":"<p><img loading=\"lazy\" decoding=\"async\" class=\"wp-image-38 aligncenter\" src=\"https:\/\/esime.mmendiola.org\/metodologia\/wp-content\/uploads\/2017\/08\/f01-300x225.jpg\" alt=\"\" width=\"219\" height=\"164\" \/><\/p>\n<p>&nbsp;<\/p>\n<p>Esta secci\u00f3n est\u00e1 dirigida principalmente a los sinodales, explicando qu\u00e9 problema se est\u00e1 resolviendo, la utilidad pr\u00e1ctica del proyecto, qu\u00e9 ventajas tiene con respecto a otros parecidos.<\/p>\n<p>El proyecto debe estar justificado desde el punto de vista de la Ingenier\u00eda en Computaci\u00f3n y tenemos que demostrar que sus resultados son \u00fatiles para resolver el problema que se plante\u00f3.<\/p>\n<p style=\"text-align: center;\"><img loading=\"lazy\" decoding=\"async\" class=\"aligncenter size-full wp-image-631\" src=\"https:\/\/esime.mmendiola.org\/metodologia\/wp-content\/uploads\/2022\/08\/engranes.png\" alt=\"\" width=\"105\" height=\"104\" \/><\/p>\n<p>Demostrar que los resultados del proyecto pueden ser \u00fatiles para resolver un problema importante.<\/p>\n<p>Consiste en se\u00f1alar la importancia del proyecto<\/p>\n<ul>\n<li>En lo Social (quienes salen beneficiados)<\/li>\n<li>En lo Profesional (que habilidades y asignaturas de IC se emplearon en la realizaci\u00f3n)<\/li>\n<li>En lo Tecnol\u00f3gico (si solo es software, hardware o combinaci\u00f3n de ambas)<\/li>\n<\/ul>\n<header class=\"nodeDecoration\">\n<h1><\/h1>\n<h1 id=\"exenode_1_Cmoredactarlajustificacin\" class=\"nodeTitle\"><span style=\"color: #993300;\">C\u00f3mo redactar la justificaci\u00f3n:<\/span><\/h1>\n<\/header>\n<article id=\"id1-1\" class=\"iDevice_wrapper FreeTextIdevice\">La justificaci\u00f3n es la exposici\u00f3n de las razones por las cuales se realiza una investigaci\u00f3n o un proyecto.Podemos redactarlo a partir de reflexionar las siguiente preguntas:<\/article>\n<article><\/article>\n<article><\/article>\n<article style=\"padding-left: 120px;\"><strong>\u00bfQu\u00e9 problema resuelve este proyecto?<\/strong><\/article>\n<article style=\"padding-left: 120px;\"><strong>\u00bfCu\u00e1l es su utilidad pr\u00e1ctica?<\/strong><\/article>\n<article style=\"padding-left: 120px;\"><strong>\u00bfQu\u00e9 o quienes salen beneficiados con la propuesta?<\/strong><\/article>\n<article style=\"padding-left: 120px;\"><strong>\u00bfQue ventaja tiene con respecto a otros proyectos?<\/strong><\/article>\n<p>&nbsp;<\/p>\n<p><strong>La justificaci\u00f3n es la redacci\u00f3n de las respuestas de las preguntas anteriores,<\/strong> <em>las preguntas nunca deben escribirse textualmente en el proyecto.<\/em><\/p>\n<p>&nbsp;<\/p>\n<p>&nbsp;<\/p>\n<p>&nbsp;<\/p>\n<p>&nbsp;<\/p>\n","protected":false},"excerpt":{"rendered":"<p>&nbsp; Esta secci\u00f3n est\u00e1 dirigida principalmente a los sinodales, explicando qu\u00e9 problema se est\u00e1 resolviendo, la utilidad pr\u00e1ctica del proyecto, qu\u00e9 ventajas tiene con respecto a otros parecidos. El proyecto&hellip;<\/p>\n","protected":false},"author":1,"featured_media":0,"parent":388,"menu_order":0,"comment_status":"closed","ping_status":"closed","template":"","meta":{"footnotes":""},"class_list":["post-454","page","type-page","status-publish","hentry"],"_links":{"self":[{"href":"https:\/\/esime.mmendiola.org\/metodologia\/wp-json\/wp\/v2\/pages\/454","targetHints":{"allow":["GET"]}}],"collection":[{"href":"https:\/\/esime.mmendiola.org\/metodologia\/wp-json\/wp\/v2\/pages"}],"about":[{"href":"https:\/\/esime.mmendiola.org\/metodologia\/wp-json\/wp\/v2\/types\/page"}],"author":[{"embeddable":true,"href":"https:\/\/esime.mmendiola.org\/metodologia\/wp-json\/wp\/v2\/users\/1"}],"replies":[{"embeddable":true,"href":"https:\/\/esime.mmendiola.org\/metodologia\/wp-json\/wp\/v2\/comments?post=454"}],"version-history":[{"count":7,"href":"https:\/\/esime.mmendiola.org\/metodologia\/wp-json\/wp\/v2\/pages\/454\/revisions"}],"predecessor-version":[{"id":674,"href":"https:\/\/esime.mmendiola.org\/metodologia\/wp-json\/wp\/v2\/pages\/454\/revisions\/674"}],"up":[{"embeddable":true,"href":"https:\/\/esime.mmendiola.org\/metodologia\/wp-json\/wp\/v2\/pages\/388"}],"wp:attachment":[{"href":"https:\/\/esime.mmendiola.org\/metodologia\/wp-json\/wp\/v2\/media?parent=454"}],"curies":[{"name":"wp","href":"https:\/\/api.w.org\/{rel}","templated":true}]}}