{"id":455,"date":"2017-08-04T19:55:20","date_gmt":"2017-08-05T00:55:20","guid":{"rendered":"https:\/\/ic-esimeculhuacan.net\/metodologia\/?page_id=53"},"modified":"2022-08-11T18:11:05","modified_gmt":"2022-08-11T18:11:05","slug":"estado-de-la-tecnologia","status":"publish","type":"page","link":"https:\/\/esime.mmendiola.org\/metodologia\/contenidos-del-segundo-departamental\/estado-de-la-tecnologia\/","title":{"rendered":"06. Estado de la Tecnolog\u00eda"},"content":{"rendered":"<p style=\"text-align: center;\">Conocido tambi\u00e9n como<\/p>\n<h2 style=\"text-align: center;\">Estado del Arte<\/h2>\n<p style=\"text-align: center;\"><img loading=\"lazy\" decoding=\"async\" class=\"wp-image-50 aligncenter\" src=\"https:\/\/esime.mmendiola.org\/metodologia\/wp-content\/uploads\/2017\/08\/tablets-300x169.jpg\" alt=\"\" width=\"222\" height=\"125\" \/><\/p>\n<p>&nbsp;<\/p>\n<p>&nbsp;<\/p>\n<p>Esta secci\u00f3n es una peque\u00f1a investigaci\u00f3n te\u00f3rica acerca de qu\u00e9 personas han realizado proyectos parecidos al que proponemos, c\u00f3mo han resuelto un problema parecido al nuestro.<\/p>\n<p>Para encontrar este tipo de informaci\u00f3n se usan buscadores acad\u00e9micos, nosotros usamos el google acad\u00e9mico, donde podemos encontrar art\u00edculos cient\u00edficos, libros, tesis, ponencias, etc.<\/p>\n<p>En tu protocolo, el estado de arte se presenta en forma de tabla en las presentaciones<\/p>\n<p><img loading=\"lazy\" decoding=\"async\" class=\"aligncenter wp-image-499\" src=\"https:\/\/esime.mmendiola.org\/metodologia\/wp-content\/uploads\/2022\/07\/EdoArte.jpg\" alt=\"\" width=\"622\" height=\"343\" srcset=\"https:\/\/esime.mmendiola.org\/metodologia\/wp-content\/uploads\/2022\/07\/EdoArte.jpg 925w, https:\/\/esime.mmendiola.org\/metodologia\/wp-content\/uploads\/2022\/07\/EdoArte-300x166.jpg 300w, https:\/\/esime.mmendiola.org\/metodologia\/wp-content\/uploads\/2022\/07\/EdoArte-768x424.jpg 768w\" sizes=\"auto, (max-width: 622px) 100vw, 622px\" \/><\/p>\n<p>&nbsp;<\/p>\n<p>&nbsp;<\/p>\n","protected":false},"excerpt":{"rendered":"<p>Conocido tambi\u00e9n como Estado del Arte &nbsp; &nbsp; Esta secci\u00f3n es una peque\u00f1a investigaci\u00f3n te\u00f3rica acerca de qu\u00e9 personas han realizado proyectos parecidos al que proponemos, c\u00f3mo han resuelto un&hellip;<\/p>\n","protected":false},"author":1,"featured_media":0,"parent":392,"menu_order":0,"comment_status":"closed","ping_status":"closed","template":"","meta":{"footnotes":""},"class_list":["post-455","page","type-page","status-publish","hentry"],"_links":{"self":[{"href":"https:\/\/esime.mmendiola.org\/metodologia\/wp-json\/wp\/v2\/pages\/455","targetHints":{"allow":["GET"]}}],"collection":[{"href":"https:\/\/esime.mmendiola.org\/metodologia\/wp-json\/wp\/v2\/pages"}],"about":[{"href":"https:\/\/esime.mmendiola.org\/metodologia\/wp-json\/wp\/v2\/types\/page"}],"author":[{"embeddable":true,"href":"https:\/\/esime.mmendiola.org\/metodologia\/wp-json\/wp\/v2\/users\/1"}],"replies":[{"embeddable":true,"href":"https:\/\/esime.mmendiola.org\/metodologia\/wp-json\/wp\/v2\/comments?post=455"}],"version-history":[{"count":8,"href":"https:\/\/esime.mmendiola.org\/metodologia\/wp-json\/wp\/v2\/pages\/455\/revisions"}],"predecessor-version":[{"id":654,"href":"https:\/\/esime.mmendiola.org\/metodologia\/wp-json\/wp\/v2\/pages\/455\/revisions\/654"}],"up":[{"embeddable":true,"href":"https:\/\/esime.mmendiola.org\/metodologia\/wp-json\/wp\/v2\/pages\/392"}],"wp:attachment":[{"href":"https:\/\/esime.mmendiola.org\/metodologia\/wp-json\/wp\/v2\/media?parent=455"}],"curies":[{"name":"wp","href":"https:\/\/api.w.org\/{rel}","templated":true}]}}