{"id":456,"date":"2017-08-04T19:56:11","date_gmt":"2017-08-05T00:56:11","guid":{"rendered":"https:\/\/ic-esimeculhuacan.net\/metodologia\/?page_id=55"},"modified":"2022-08-11T18:12:34","modified_gmt":"2022-08-11T18:12:34","slug":"metodo-de-ingenieria","status":"publish","type":"page","link":"https:\/\/esime.mmendiola.org\/metodologia\/contennidos-del-tercer-departamental\/metodo-de-ingenieria\/","title":{"rendered":"07. M\u00e9todo de Ingenier\u00eda"},"content":{"rendered":"<pre style=\"text-align: center;\"><span style=\"color: #008000;\">M\u00e9todo de la Ingenier\u00eda<\/span><\/pre>\n<p>&nbsp;<\/p>\n<p><img loading=\"lazy\" decoding=\"async\" class=\"alignnone size-medium wp-image-42 aligncenter\" src=\"https:\/\/esime.mmendiola.org\/metodologia\/wp-content\/uploads\/2017\/08\/ia03-300x174.jpg\" alt=\"\" width=\"300\" height=\"174\" \/><\/p>\n<h3 style=\"text-align: center;\"><strong>Representa la propuesta de soluci\u00f3n<br \/>\n<\/strong><\/h3>\n<p>Como en 6\u00ba semestre solo se realiza la planeaci\u00f3n de lo que van a desarrollar en 7\u00ba y 8\u00ba<\/p>\n<p>su propuesta de soluci\u00f3n es fundamental, es decir, la <strong>idea gr\u00e1fica<\/strong> <strong>de como piensan que va a funcionar su proyecto.<\/strong><\/p>\n<p>Por lo general se utilizan diagramas\u00a0 y despu\u00e9s se redacta la explicaci\u00f3n de \u00e9ste<\/p>\n<p>Ejemplo de un diagrama de funcionamiento para su propuesta de soluci\u00f3n<\/p>\n<p>&nbsp;<\/p>\n<p>&nbsp;<\/p>\n<p>Ejemplos:<\/p>\n<p><img loading=\"lazy\" decoding=\"async\" class=\"aligncenter wp-image-257 size-full\" src=\"https:\/\/esime.mmendiola.org\/metodologia\/wp-content\/uploads\/2018\/08\/p1.png\" alt=\"\" width=\"600\" height=\"455\" srcset=\"https:\/\/esime.mmendiola.org\/metodologia\/wp-content\/uploads\/2018\/08\/p1.png 600w, https:\/\/esime.mmendiola.org\/metodologia\/wp-content\/uploads\/2018\/08\/p1-300x228.png 300w\" sizes=\"auto, (max-width: 600px) 100vw, 600px\" \/><\/p>\n<p>&nbsp;<\/p>\n<p><img loading=\"lazy\" decoding=\"async\" class=\"aligncenter wp-image-258 size-full\" src=\"https:\/\/esime.mmendiola.org\/metodologia\/wp-content\/uploads\/2018\/08\/p4.png\" alt=\"\" width=\"600\" height=\"347\" srcset=\"https:\/\/esime.mmendiola.org\/metodologia\/wp-content\/uploads\/2018\/08\/p4.png 600w, https:\/\/esime.mmendiola.org\/metodologia\/wp-content\/uploads\/2018\/08\/p4-300x174.png 300w\" sizes=\"auto, (max-width: 600px) 100vw, 600px\" \/><\/p>\n<p>&nbsp;<\/p>\n<p><img loading=\"lazy\" decoding=\"async\" class=\"aligncenter wp-image-259 size-full\" src=\"https:\/\/esime.mmendiola.org\/metodologia\/wp-content\/uploads\/2018\/08\/p3.png\" alt=\"\" width=\"600\" height=\"399\" srcset=\"https:\/\/esime.mmendiola.org\/metodologia\/wp-content\/uploads\/2018\/08\/p3.png 600w, https:\/\/esime.mmendiola.org\/metodologia\/wp-content\/uploads\/2018\/08\/p3-300x200.png 300w\" sizes=\"auto, (max-width: 600px) 100vw, 600px\" \/><\/p>\n<p>&nbsp;<\/p>\n<p><img loading=\"lazy\" decoding=\"async\" class=\"aligncenter wp-image-260 size-full\" src=\"https:\/\/esime.mmendiola.org\/metodologia\/wp-content\/uploads\/2018\/08\/p2.png\" alt=\"\" width=\"600\" height=\"416\" srcset=\"https:\/\/esime.mmendiola.org\/metodologia\/wp-content\/uploads\/2018\/08\/p2.png 600w, https:\/\/esime.mmendiola.org\/metodologia\/wp-content\/uploads\/2018\/08\/p2-300x208.png 300w\" sizes=\"auto, (max-width: 600px) 100vw, 600px\" \/><\/p>\n<p>&nbsp;<\/p>\n<p>&nbsp;<\/p>\n","protected":false},"excerpt":{"rendered":"<p>M\u00e9todo de la Ingenier\u00eda &nbsp; Representa la propuesta de soluci\u00f3n Como en 6\u00ba semestre solo se realiza la planeaci\u00f3n de lo que van a desarrollar en 7\u00ba y 8\u00ba su&hellip;<\/p>\n","protected":false},"author":1,"featured_media":0,"parent":396,"menu_order":0,"comment_status":"closed","ping_status":"closed","template":"","meta":{"footnotes":""},"class_list":["post-456","page","type-page","status-publish","hentry"],"_links":{"self":[{"href":"https:\/\/esime.mmendiola.org\/metodologia\/wp-json\/wp\/v2\/pages\/456","targetHints":{"allow":["GET"]}}],"collection":[{"href":"https:\/\/esime.mmendiola.org\/metodologia\/wp-json\/wp\/v2\/pages"}],"about":[{"href":"https:\/\/esime.mmendiola.org\/metodologia\/wp-json\/wp\/v2\/types\/page"}],"author":[{"embeddable":true,"href":"https:\/\/esime.mmendiola.org\/metodologia\/wp-json\/wp\/v2\/users\/1"}],"replies":[{"embeddable":true,"href":"https:\/\/esime.mmendiola.org\/metodologia\/wp-json\/wp\/v2\/comments?post=456"}],"version-history":[{"count":6,"href":"https:\/\/esime.mmendiola.org\/metodologia\/wp-json\/wp\/v2\/pages\/456\/revisions"}],"predecessor-version":[{"id":655,"href":"https:\/\/esime.mmendiola.org\/metodologia\/wp-json\/wp\/v2\/pages\/456\/revisions\/655"}],"up":[{"embeddable":true,"href":"https:\/\/esime.mmendiola.org\/metodologia\/wp-json\/wp\/v2\/pages\/396"}],"wp:attachment":[{"href":"https:\/\/esime.mmendiola.org\/metodologia\/wp-json\/wp\/v2\/media?parent=456"}],"curies":[{"name":"wp","href":"https:\/\/api.w.org\/{rel}","templated":true}]}}