{"id":577,"date":"2022-07-22T03:38:07","date_gmt":"2022-07-22T03:38:07","guid":{"rendered":"https:\/\/esime.mmendiola.org\/metodologia\/?page_id=577"},"modified":"2022-08-03T00:10:04","modified_gmt":"2022-08-03T00:10:04","slug":"03-limites-y-alcances","status":"publish","type":"page","link":"https:\/\/esime.mmendiola.org\/metodologia\/contenidos-del-primer-departamental\/03-limites-y-alcances\/","title":{"rendered":"03. L\u00edmites y Alcances"},"content":{"rendered":"<p><strong>Los alcances<\/strong> nos indican con precisi\u00f3n qu\u00e9 se puede esperar o cuales aspectos alcanzaremos en la investigaci\u00f3n.<\/p>\n<p>Los alcances de un proyecto son el horizonte m\u00e1ximo de expectativas que el proyecto se plantea alcanzar<\/p>\n<p>&nbsp;<\/p>\n<p>&nbsp;<\/p>\n<p><strong>Los Limites<\/strong> indican qu\u00e9 aspectos quedan fuera de su cobertura, por ejemplo, en el desarrollo de una app, uno de los l\u00edmites es que s\u00f3lo ser\u00e1 creada para Android.<\/p>\n<p>Los limites nunca se refieren a las dificultades de realizaci\u00f3n, sino a las fronteras hasta donde llegan las aspiraciones de la investigaci\u00f3n, siempre por referencia a los objetivos, por ejemplo, un l\u00edmite es que la app no es para iOS.<\/p>\n<p>Los l\u00edmites de un proyecto son los aspectos de este que no podr\u00e1n cubrirse<\/p>\n","protected":false},"excerpt":{"rendered":"<p>Los alcances nos indican con precisi\u00f3n qu\u00e9 se puede esperar o cuales aspectos alcanzaremos en la investigaci\u00f3n. Los alcances de un proyecto son el horizonte m\u00e1ximo de expectativas que el&hellip;<\/p>\n","protected":false},"author":1,"featured_media":0,"parent":388,"menu_order":0,"comment_status":"closed","ping_status":"closed","template":"","meta":{"footnotes":""},"class_list":["post-577","page","type-page","status-publish","hentry"],"_links":{"self":[{"href":"https:\/\/esime.mmendiola.org\/metodologia\/wp-json\/wp\/v2\/pages\/577","targetHints":{"allow":["GET"]}}],"collection":[{"href":"https:\/\/esime.mmendiola.org\/metodologia\/wp-json\/wp\/v2\/pages"}],"about":[{"href":"https:\/\/esime.mmendiola.org\/metodologia\/wp-json\/wp\/v2\/types\/page"}],"author":[{"embeddable":true,"href":"https:\/\/esime.mmendiola.org\/metodologia\/wp-json\/wp\/v2\/users\/1"}],"replies":[{"embeddable":true,"href":"https:\/\/esime.mmendiola.org\/metodologia\/wp-json\/wp\/v2\/comments?post=577"}],"version-history":[{"count":2,"href":"https:\/\/esime.mmendiola.org\/metodologia\/wp-json\/wp\/v2\/pages\/577\/revisions"}],"predecessor-version":[{"id":594,"href":"https:\/\/esime.mmendiola.org\/metodologia\/wp-json\/wp\/v2\/pages\/577\/revisions\/594"}],"up":[{"embeddable":true,"href":"https:\/\/esime.mmendiola.org\/metodologia\/wp-json\/wp\/v2\/pages\/388"}],"wp:attachment":[{"href":"https:\/\/esime.mmendiola.org\/metodologia\/wp-json\/wp\/v2\/media?parent=577"}],"curies":[{"name":"wp","href":"https:\/\/api.w.org\/{rel}","templated":true}]}}