{"id":62,"date":"2017-08-04T19:58:34","date_gmt":"2017-08-05T00:58:34","guid":{"rendered":"https:\/\/ic-esimeculhuacan.net\/metodologia\/?page_id=62"},"modified":"2022-08-11T02:29:43","modified_gmt":"2022-08-11T02:29:43","slug":"marco-teorico","status":"publish","type":"page","link":"https:\/\/esime.mmendiola.org\/metodologia\/contenidos-del-segundo-departamental\/marco-teorico\/","title":{"rendered":"05. Marco Te\u00f3rico"},"content":{"rendered":"<h3><\/h3>\n<p><img loading=\"lazy\" decoding=\"async\" class=\"aligncenter size-medium wp-image-634\" src=\"https:\/\/esime.mmendiola.org\/metodologia\/wp-content\/uploads\/2022\/08\/tec01-300x164.jpg\" alt=\"\" width=\"300\" height=\"164\" srcset=\"https:\/\/esime.mmendiola.org\/metodologia\/wp-content\/uploads\/2022\/08\/tec01-300x164.jpg 300w, https:\/\/esime.mmendiola.org\/metodologia\/wp-content\/uploads\/2022\/08\/tec01.jpg 400w\" sizes=\"auto, (max-width: 300px) 100vw, 300px\" \/><\/p>\n<pre><span style=\"color: #333333;\">El Marco Te\u00f3rico nos amplia la descripci\u00f3n del problema. \r\nIntegra la teor\u00eda con la investigaci\u00f3n y sus relaciones mutuas<\/span>\r\n\r\n<span style=\"color: #333333;\"><strong><em>No puede haber un marco te\u00f3rico que no tenga relaci\u00f3n con el problema<\/em><\/strong>.\r\n<img loading=\"lazy\" decoding=\"async\" class=\"aligncenter size-medium wp-image-635\" src=\"https:\/\/esime.mmendiola.org\/metodologia\/wp-content\/uploads\/2022\/08\/tecnologias-300x151.jpg\" alt=\"\" width=\"300\" height=\"151\" srcset=\"https:\/\/esime.mmendiola.org\/metodologia\/wp-content\/uploads\/2022\/08\/tecnologias-300x151.jpg 300w, https:\/\/esime.mmendiola.org\/metodologia\/wp-content\/uploads\/2022\/08\/tecnologias.jpg 316w\" sizes=\"auto, (max-width: 300px) 100vw, 300px\" \/>\r\n \r\n<\/span><\/pre>\n<ul>\n<li>\n<pre><span style=\"color: #333333;\">Teor\u00edas computacionales \r\n{ involucradas en la realizaci\u00f3n del proyecto, \r\nexplicando el enfoque tecnol\u00f3gico de la propuesta de soluci\u00f3n}<\/span><\/pre>\n<\/li>\n<li>\n<pre><span style=\"color: #333333;\">Bases te\u00f3ricas de las tecnolog\u00edas a utilizar \r\n{elementos te\u00f3ricos para fundamentar el desarrollo del proyecto}<\/span><\/pre>\n<\/li>\n<li>\n<pre style=\"text-align: left;\"><span style=\"color: #333333;\">Definiciones conceptuales poco conocidas \r\n{algunos conceptos involucrados en las variables de investigaci\u00f3n. \r\nNo son definici\u00f3n de t\u00e9rminos, es definici\u00f3n de conceptos aplicados \r\na nuestro proyecto y como se aplicaron}<\/span><\/pre>\n<\/li>\n<\/ul>\n<pre>\r\nEl Marco Te\u00f3rico presenta las bases te\u00f3ricas de las tecnolog\u00edas a utilizar, \r\ndefiniciones conceptuales poco conocidas (algunos conceptos involucrados en \r\nlas variables de investigaci\u00f3n).\r\n\r\n<\/pre>\n<h4 id=\"exenode_3_Nodebepresentarsecomodefinicindetrminos\" class=\"nodeTitle\">No debe presentarse como glosario o definici\u00f3n de t\u00e9rminos.<\/h4>\n<p>En el Marco Te\u00f3rico van a indicar las tecnolog\u00edas y teor\u00edas computacionales a utilizar. Explicando como la van a aplicar y porque eligieron esa y no otra.<\/p>\n<p>Como ingenieros en computaci\u00f3n van a dise\u00f1ar y a desarrollar nuevas tecnolog\u00edas para resolver un problema, por lo que, en el marco te\u00f3rico se muestran las tecnolog\u00edas a utilizar en su proyecto, c\u00f3mo y porqu\u00e9 eligieron dichas tecnolog\u00edas y como piensan aplicarlas.<\/p>\n<p style=\"text-align: center;\"><img loading=\"lazy\" decoding=\"async\" class=\"aligncenter size-medium wp-image-636\" src=\"https:\/\/esime.mmendiola.org\/metodologia\/wp-content\/uploads\/2022\/08\/rob-300x201.png\" alt=\"\" width=\"300\" height=\"201\" srcset=\"https:\/\/esime.mmendiola.org\/metodologia\/wp-content\/uploads\/2022\/08\/rob-300x201.png 300w, https:\/\/esime.mmendiola.org\/metodologia\/wp-content\/uploads\/2022\/08\/rob.png 350w\" sizes=\"auto, (max-width: 300px) 100vw, 300px\" \/><\/p>\n<p>&nbsp;<\/p>\n<p>A veces se ponen logos y a la hora de exponer, ustedes explican la raz\u00f3n de haberlas elegido y c\u00f3mo piensan aplicarlas, aunque es preferible siempre poner texto.<\/p>\n<p><em><strong>Lo que no deben poner es la definici\u00f3n del t\u00e9rmino<\/strong><\/em>, porque no es un glosario y los sinodales las conocen perfectamente. Lo que se trata es de ver si las saben aplicar correctamente.<\/p>\n<pre><img loading=\"lazy\" decoding=\"async\" class=\"aligncenter size-medium wp-image-637\" src=\"https:\/\/esime.mmendiola.org\/metodologia\/wp-content\/uploads\/2022\/08\/4-300x155.jpg\" alt=\"\" width=\"300\" height=\"155\" srcset=\"https:\/\/esime.mmendiola.org\/metodologia\/wp-content\/uploads\/2022\/08\/4-300x155.jpg 300w, https:\/\/esime.mmendiola.org\/metodologia\/wp-content\/uploads\/2022\/08\/4.jpg 400w\" sizes=\"auto, (max-width: 300px) 100vw, 300px\" \/>\r\n\r\n<\/pre>\n","protected":false},"excerpt":{"rendered":"<p>El Marco Te\u00f3rico nos amplia la descripci\u00f3n del problema. Integra la teor\u00eda con la investigaci\u00f3n y sus relaciones mutuas No puede haber un marco te\u00f3rico que no tenga relaci\u00f3n con&hellip;<\/p>\n","protected":false},"author":1,"featured_media":0,"parent":392,"menu_order":0,"comment_status":"closed","ping_status":"closed","template":"","meta":{"footnotes":""},"class_list":["post-62","page","type-page","status-publish","hentry"],"_links":{"self":[{"href":"https:\/\/esime.mmendiola.org\/metodologia\/wp-json\/wp\/v2\/pages\/62","targetHints":{"allow":["GET"]}}],"collection":[{"href":"https:\/\/esime.mmendiola.org\/metodologia\/wp-json\/wp\/v2\/pages"}],"about":[{"href":"https:\/\/esime.mmendiola.org\/metodologia\/wp-json\/wp\/v2\/types\/page"}],"author":[{"embeddable":true,"href":"https:\/\/esime.mmendiola.org\/metodologia\/wp-json\/wp\/v2\/users\/1"}],"replies":[{"embeddable":true,"href":"https:\/\/esime.mmendiola.org\/metodologia\/wp-json\/wp\/v2\/comments?post=62"}],"version-history":[{"count":6,"href":"https:\/\/esime.mmendiola.org\/metodologia\/wp-json\/wp\/v2\/pages\/62\/revisions"}],"predecessor-version":[{"id":638,"href":"https:\/\/esime.mmendiola.org\/metodologia\/wp-json\/wp\/v2\/pages\/62\/revisions\/638"}],"up":[{"embeddable":true,"href":"https:\/\/esime.mmendiola.org\/metodologia\/wp-json\/wp\/v2\/pages\/392"}],"wp:attachment":[{"href":"https:\/\/esime.mmendiola.org\/metodologia\/wp-json\/wp\/v2\/media?parent=62"}],"curies":[{"name":"wp","href":"https:\/\/api.w.org\/{rel}","templated":true}]}}